{"id":43,"date":"2017-07-31T01:58:27","date_gmt":"2017-07-30T23:58:27","guid":{"rendered":"http:\/\/waageplatz-viertel.org\/?page_id=43"},"modified":"2025-08-28T17:57:28","modified_gmt":"2025-08-28T15:57:28","slug":"treffen","status":"publish","type":"page","link":"https:\/\/waageplatz-viertel.org\/index.php\/treffen\/","title":{"rendered":"\u00dcber uns"},"content":{"rendered":"\n<p>Wir sind seit M\u00e4rz 2017 die offene Nachbarschaftsorganisierung rund um die Stra\u00dfen Obere-Masch, Untere-Masch, Goetheallee, Reitstallstra\u00dfe, M\u00fchlenstra\u00dfe &#8211; eben rund um den Waageplatz.<\/p>\n\n\n\n<p>Regelm\u00e4\u00dfig haben wir eine Vollversammlung, das Forum Waageplatz-Viertel. Daneben sind wir in unterschiedlichen Arbeitsgruppen aktiv wie z.B. AG Geschichte, AG Soziales Zentrum oder der AG Verkehr Mobilit\u00e4t. W\u00f6chentlich gibt es das Offene Nachbarschaftskochen, mittwochs ab 17 Uhr in der Obere-Masch-Str. 10.&nbsp; Das Feministische Caf\u00e9 trifft sich nach Absprache &#8211; haltet Augen und Ohren offen oder meldet euch \u00fcber die Mailingliste.<\/p>\n\n\n\n<p>Wenn Du Interesse hast mitzumachen, melde dich gerne oder komm zu einem der Termine einfach vorbei!<\/p>\n\n\n\n<hr class=\"wp-block-separator has-alpha-channel-opacity\"\/>\n\n\n\n<p class=\"has-text-align-center has-medium-font-size\"><strong>Selbstverst\u00e4ndnis Forum Waageplatz-Viertel<\/strong><br>selbstbestimmt &#8211; solidarisch &#8211; verbunden<\/p>\n\n\n\n<p><em>unser Viertel<\/em><\/p>\n\n\n\n<p>Das Forum Waageplatz-Viertel ist die Nachbarschaftsorganisierung rund um den Waageplatz in der G\u00f6ttinger Innenstadt. Nachbar:in ist f\u00fcr uns, wer im Viertel lebt oder wer sich viel im Viertel aufh\u00e4lt. Unser Viertel ist vielf\u00e4ltig. Wir sind offen f\u00fcr Menschen, die sich uns verbunden f\u00fchlen.<\/p>\n\n\n\n<p>Als Verantwortliche in den AGs und Bereichen arbeiten wir im Forum zusammen, unserem Planungs- und Entscheidungstreffen der Aktiven. Wir wollen mehr werden.<\/p>\n\n\n\n<p><em>selbstbestimmt<\/em><\/p>\n\n\n\n<p>Wir gestalten selbstverwaltet, was uns angeht, und entscheiden demokratisch auf Basis unseres Selbstverst\u00e4ndnisses. Von staatlicher Politik lassen wir uns nicht vereinnahmen und bleiben unabh\u00e4ngig. Daher sind wir auch nicht ehrenamtlich t\u00e4tig, um blo\u00df soziale Versorgungsl\u00fccken auszugleichen. Wir leisten gesellschaftliche Arbeit f\u00fcr den langfristigen Aufbau selbstbestimmter Strukturen.<br>F\u00fcr Frauen, Trans*- und nicht-bin\u00e4re Personen haben wir im Viertel zus\u00e4tzlich eigenst\u00e4ndige Treffen, um uns zu st\u00e4rken und unsere Perspektiven und Anliegen in die Nachbarschaft zu tragen.<\/p>\n\n\n\n<p>Ressourcen setzen wir f\u00fcr unsere gemeinschaftlichen Bed\u00fcrfnisse ein und nicht f\u00fcr Profite. Wir schaffen Gemeineigentum. Lebenswichtige Infrastruktur geh\u00f6rt in die H\u00e4nde der Gesellschaft.<\/p>\n\n\n\n<p><em>solidarisch<\/em><\/p>\n\n\n\n<p>Wir sind solidarisch und verteidigen uns, wenn unsere Nachbar:innen, Strukturen oder Lebensgrundlagen angegriffen werden. Wir wehren uns gegen mangelnde soziale Sicherung, strukturelle Diskriminierung und Ausbeutung.<\/p>\n\n\n\n<p>Krisen bew\u00e4ltigen wir gemeinsam \u2013 ob Vereinzelung, Probleme mit Wohnraum, Einkommen oder Aufenthalt, soziale Verdr\u00e4ngung, rechte Netzwerke, Partnerschaftsgewalt, Hoffnungslosigkeit o.a.<\/p>\n\n\n\n<p>Wir gehen aktiv gegen patriarchale Strukturen und Dynamiken vor und setzen uns mit unseren eigenen Betroffenheiten und Rollen darin auseinander.<\/p>\n\n\n\n<p><em>verbunden<\/em><\/p>\n\n\n\n<p>Das Forum Waageplatz-Viertel st\u00e4rkt den sozialen Zusammenhalt, die Selbsterm\u00e4chtigung und Beteiligung aller.<\/p>\n\n\n\n<p>Wir schaffen offene und niedrigschwellige R\u00e4ume, die aktiv inklusiv sind. Alle Nachbar:innen und insbesondere marginalisierte Gruppen sollen diese mitgestalten. Wir begegnen uns f\u00fcrsorglich und wachsen miteinander.<\/p>\n\n\n\n<p>Innerhalb unseres Viertels l\u00f6sen wir Konflikte konstruktiv und nach M\u00f6glichkeit selbst.<\/p>\n\n\n\n<p>Wir verbinden uns mit unserem Viertel. Wir interessieren uns f\u00fcr die lokale Geschichte mit ihren Geschichten \u00fcber Zusammenhalt und Solidarit\u00e4t und f\u00fcr die Lage der Welt. Wir teilen unsere Kulturen und stehen f\u00fcr ein \u00f6kologisch-verantwortliches Leben.<\/p>\n\n\n\n<p>Wir vernetzen uns mit Basisinitiativen anderer Stadtteile und von D\u00f6rfern im Umland, um gemeinsame Ziele zu erreichen. Wir unterst\u00fctzen Gesellschaftsorganisierung au\u00dferhalb unseres Viertels im Aufbau.<\/p>\n\n\n\n<p class=\"has-text-align-right\"><em>26.02.2025<\/em><\/p>\n\n\n\n<hr class=\"wp-block-separator has-alpha-channel-opacity\"\/>\n\n\n\n<p><strong>Das sind wir<\/strong><br>(Beitrag aus dem Masch-Kurier Nr. 1&nbsp; vom 1. Mai 2023)<\/p>\n\n\n\n<p>Das Forum Waageplatz-Viertel ist schon l\u00e4ngst mehr als eine Nachbarschaftsvernetzung. Es ist gelebte Gemeinschaft. Eine Einladung an Bewohner*innen rund um den Waageplatz, f\u00fcr die Menschen und das Viertel Verantwortung zu \u00fcbernehmen. Hier zu Hause zu sein. Es ist die M\u00f6glichkeit sich einzubringen, die Dinge des Lebens gemeinsam selbst in die Hand zu nehmen \u2013 sich solidarisch zu organisieren, wenn es darauf ankommt.<\/p>\n\n\n\n<p>R\u00fcckblickend lief die Entwicklung des Forums in zwei Phasen. Anfang 2017 stand die ehem. JVA, in die nun das Soziale Zentrum soll, bereits seit Jahren leer. Die Stadt plante dort ein Hostel mit 200 Betten. Schnell fanden sich Anwohner*innen zusammen, um dagegen zu protestieren. Denn jeden Tag 200 neue Menschen im Viertel w\u00e4re f\u00fcr die damals noch zarte Pflanze des nachbarschaftlichen Miteinanders kaum bew\u00e4ltigbar gewesen. Aus diesen Treffen kamen bald Initiativen, die mehr wollten, die die Gestaltung unseres Viertels in den Blick nahmen. Es gab nachbarschaftliche Picknicks auf dem Waageplatz. Eine AG entwickelte Pl\u00e4ne und Aktivit\u00e4ten f\u00fcr die Verkehrsberuhigung der Masch-Stra\u00dfen, die heute Wirklichkeit ist. Andere setzten sich daf\u00fcr ein, dass Menschen, die gerne in unserem Viertel wohnen, hier auch bleiben k\u00f6nnen. Es wurden Mietk\u00e4mpfe unterst\u00fctzt und eine kostenfreie Offene Mietberatung ins Leben gerufen. Nicht zuletzt brachten wir unsere Ideen in die st\u00e4dtischen Pl\u00e4ne f\u00fcr ein Sanierungsgebiet ein und legten den Grundstein f\u00fcr das Soziale Zentrum in der JVA. Dann kamen die Corona-Abstandsgebote und wir mussten in einen l\u00e4ngeren Winterschlaf gehen.<\/p>\n\n\n\n<p>Ende 2021 nahmen wir die nachbarschaftlichen Aktivit\u00e4ten wieder auf. Das Forum Waageplatz-Viertel sollte nun noch vielf\u00e4ltiger werden, mehr Menschen Raum f\u00fcr die Umsetzung ihrer Ideen geben. Warten, bis uns jemand um unsere Meinung fragt, brauchen wir nicht mehr. Wir versuchen uns direkt um die Dinge zu k\u00fcmmern, die uns betreffen und wichtig sind. Wenn wir in Beziehung gehen und uns zuh\u00f6ren, k\u00f6nnen wir der Vereinzelung, in die wir zu leicht gedr\u00e4ngt werden, etwas entgegensetzen. Also haben wir zu Treffen auf der Stra\u00dfe eingeladen, zu Mitbring-Buffet auf dem B\u00fcrgersteig.<\/p>\n\n\n\n<p>Heute haben wir eine stabile Struktur \u2013 und wir wachsen. Jeden letzten Donnerstag im Monat trifft sich das Forum Waageplatz-Viertel, bei Bedarf auch mal dazwischen. Es kommen Vertreter*innen aus den AGs, auch einzelne interessierte und engagierte Nachbar*innen. Mit Menschen aus unserem Viertel, die wir pers\u00f6nlich kennen, teilen wir die Protokolle von unseren Treffen. Derzeit haben wir f\u00fcnf Arbeitsgruppen mit ihren verschiedenen Aktivit\u00e4ten und Angeboten: AG Geschichte, AG Nachbarschaftskochen, AG Soziales Zentrum, AG Verkehr\/Mobilit\u00e4t, AG Offene Mietberatung. Es gab erste Treffen von Frauen und Menschen anderer unterdr\u00fcckter Geschlechter. Projekte wie unser SprachCaf\u00e9 und Repair-Caf\u00e9 sind seit ein paar Wochen angelaufen, andere wie unser Maschfest sind in Planung. Daneben sind Vertreter*innen von uns im Sanierungsbeirat N\u00f6rdliche Innenstadt und im Begleitausschuss f\u00fcr die Neugestaltung des Waageplatz aktiv. F\u00fcr unsere verschiedenen Treffen finden wir immer wieder Platz im Hausprojekt OM10. Doch wir brauchen dringend eigene R\u00e4ume: im Sozialen Zentrum in der ehem. JVA. Realistisch wird es bis zur Sanierung und zum Einzug dort noch dauern. Wir bleiben geduldig und beharrlich. Wenn wir als soziale Gemeinschaft bedr\u00e4ngt werden, wollen wir uns auch in Zukunft wehren. Z.B. l\u00e4sst die Stadt G\u00f6ttingen seit Jahren das Geb\u00e4ude der Heilsarmee verfallen. Den Bewohnern und der Betreiberin droht daher, irgendwann ihr zu Hause zu verlieren und aus dem Viertel wegziehen zu m\u00fcssen. Wir haben in einem Brief an die Politik und Verwaltung diesen Skandal \u00f6ffentlich gemacht und stellen uns an die Seite derjenigen, die gerne bei uns im Viertel bleiben wollen.<\/p>\n\n\n\n<p>Es ist gut, was wir gemeinsam zum Leben erwecken und aufbauen. Dank unserer Vielfalt: Urgesteine und neu Hinzugezogene, Spezialist*innen und Allrounder, Freund*innen und Verb\u00fcndete, ziemlich Junge und ziemlich Alte, Praktiker*innen und Analytiker*innen, Behutsame und Entschlossene, Menschen mit viel und wenig Zeit, Ruhige und Rappelige, Streitlustige und Vers\u00f6hnliche, Spontane und Verbindliche. Und alle sind wir besonders und sch\u00f6n. Das sind wir.<\/p>\n\n\n\n<p><!--jeden Donnerstag um 19 Uhr! Meist sind wir im Saal der <a href=\"https:\/\/omzehn.noblogs.org\" target=\"_blank\" rel=\"noopener noreferrer\">OM10<\/a> (Obere-Masch-Stra\u00dfe 10).jeden Donnerstag um 19 Uhr! Meist sind wir im Saal der OM10 (Obere-Masch-Stra\u00dfe 10).--><\/p>\n","protected":false},"excerpt":{"rendered":"<p>Wir sind seit M\u00e4rz 2017 die offene Nachbarschaftsorganisierung rund um die Stra\u00dfen Obere-Masch, Untere-Masch, Goetheallee, Reitstallstra\u00dfe, M\u00fchlenstra\u00dfe &#8211; eben rund um den Waageplatz. Regelm\u00e4\u00dfig haben wir eine Vollversammlung, das Forum Waageplatz-Viertel. Daneben sind wir in unterschiedlichen Arbeitsgruppen aktiv wie z.B. AG Geschichte, AG Soziales Zentrum oder der AG Verkehr Mobilit\u00e4t. W\u00f6chentlich gibt es das Offene [&hellip;]<\/p>\n","protected":false},"author":5,"featured_media":0,"parent":0,"menu_order":0,"comment_status":"closed","ping_status":"closed","template":"","meta":{"ngg_post_thumbnail":0,"footnotes":""},"class_list":["post-43","page","type-page","status-publish","hentry"],"_links":{"self":[{"href":"https:\/\/waageplatz-viertel.org\/index.php\/wp-json\/wp\/v2\/pages\/43","targetHints":{"allow":["GET"]}}],"collection":[{"href":"https:\/\/waageplatz-viertel.org\/index.php\/wp-json\/wp\/v2\/pages"}],"about":[{"href":"https:\/\/waageplatz-viertel.org\/index.php\/wp-json\/wp\/v2\/types\/page"}],"author":[{"embeddable":true,"href":"https:\/\/waageplatz-viertel.org\/index.php\/wp-json\/wp\/v2\/users\/5"}],"replies":[{"embeddable":true,"href":"https:\/\/waageplatz-viertel.org\/index.php\/wp-json\/wp\/v2\/comments?post=43"}],"version-history":[{"count":15,"href":"https:\/\/waageplatz-viertel.org\/index.php\/wp-json\/wp\/v2\/pages\/43\/revisions"}],"predecessor-version":[{"id":1228,"href":"https:\/\/waageplatz-viertel.org\/index.php\/wp-json\/wp\/v2\/pages\/43\/revisions\/1228"}],"wp:attachment":[{"href":"https:\/\/waageplatz-viertel.org\/index.php\/wp-json\/wp\/v2\/media?parent=43"}],"curies":[{"name":"wp","href":"https:\/\/api.w.org\/{rel}","templated":true}]}}