

{"id":252,"date":"2022-03-25T14:33:34","date_gmt":"2022-03-25T13:33:34","guid":{"rendered":"http:\/\/waageplatz-viertel.org\/?page_id=252"},"modified":"2025-01-23T11:40:33","modified_gmt":"2025-01-23T10:40:33","slug":"geschichte-unseres-viertels","status":"publish","type":"page","link":"https:\/\/waageplatz-viertel.org\/index.php\/geschichte-unseres-viertels\/","title":{"rendered":"AG Geschichte unseres Viertels"},"content":{"rendered":"<p>In der AG Geschichte n\u00e4hern wir uns gemeinsam der Vergangenheit unseres Viertels rund um den Waageplatz an. Wir sind geschichtsinteressierte Menschen, die hier leben.<\/p>\n<p><code>\n        <div id=\"map_ol3js_1\"\n       class=\"osm-map-container undefined\"\n             data-map_name=\"undefined\"\n             data-map=\"map_ol3js_1\"\n             style=\"width:100%;\n                    max-width:100%;\n                    height:450px;\n                    display:block;\n                    overflow:hidden;\n                    border:thin solid grey;\">\n          <div id=\"map_ol3js_1_popup\" class=\"ol-popup\">\n            <a href=\"#\" id=\"map_ol3js_1_popup-closer\" class=\"ol-popup-closer\"><\/a>\n            <div id=\"map_ol3js_1_popup-content\"><\/div>\n          <\/div>\n        <\/div>\n    \n\n\t\t\t\t<script type=\"text\/javascript\">\n\t\t\t\t\ttranslations['openlayer'] = \"open layer\";\n\t\t\t\t\ttranslations['openlayerAtStartup'] = \"open layer at startup\";\n\t\t\t\t\ttranslations['generateLink'] = \"Der Link zur Karte mit ausgew\u00e4hlten Overlays und angezeigtem Ausschnitt\";\n\t\t\t\t\ttranslations['shortDescription'] = \"Kurzbeschreibung\";\n\t\t\t\t\ttranslations['generatedShortCode'] = \"to get a text control link paste this code in your wordpress editor\";\n\t\t\t\t\ttranslations['closeLayer'] = \"close layer\";\n\t\t\t\t\ttranslations['cantGenerateLink'] = \"put this string in the existing map short code to control this map\";\n\t\t\t  <\/script>\n\n\n\t\t\t  <script type=\"text\/javascript\">\n\t\t\t  vectorM['map_ol3js_1'] = [];\n\t        \n        var raster = getTileLayer(\"pioneer\",\"006341345203411894ca786a130b1fb0\");\t\t\t\n\n\t\t\t  var map_ol3js_1 = new ol.Map({\n\t\t\t\tinteractions: ol.interaction.defaults.defaults({mouseWheelZoom:false}),\n\t\t\t\tlayers: [raster],\n\t\t\t\ttarget: \"map_ol3js_1\",\n\t\t\t\tview: new ol.View({\n\t\t\t\t  center: ol.proj.transform([9.93162,51.53600], \"EPSG:4326\", \"EPSG:3857\"),\n\t\t\t\t  zoom: 17\n\t\t\t\t})\n\t\t\t  });\n\t\t\t  \n                      var vectorMarkerSource = new ol.source.Vector({});\n                      var vectorMarkerLayer = new ol.layer.Vector({\n                        source: vectorMarkerSource,\n                        zIndex: 92\n                      });\n                      \n                          var iconStyle0 = new ol.style.Style({\n\t\t\t\t  image: new ol.style.Icon(\/** @type {olx.style.IconOptions} *\/({\n\t\t\t\t\tanchor: [(-16*-1),(-41*-1)],\n\t\t\t\t\tanchorXUnits: \"pixels\",\n\t\t\t\t\tanchorYUnits: \"pixels\",\n\t\t\t\t\topacity: 0.9,\n\t\t\t\t\tsrc: \"https:\/\/waageplatz-viertel.org\/wp-content\/plugins\/osm\/icons\/mic_black_camera_01.png\"\n\t\t\t\t  }))\n\t\t\t\t});\n\t\t\t\tvar iconFeature0 = new ol.Feature({\n\t\t\t\t  geometry: new ol.geom.Point(\n\t\t\t\t  ol.proj.transform([9.9317,51.5364], \"EPSG:4326\", \"EPSG:3857\")),\n\t\t\t\t  name: \"<a href=\\\"https:\/\/waageplatz-viertel.org\/index.php\/2022\/09\/29\/ehemalige-jva\/\\\">ehemalige JVA<\/a><br>\"\n\t\t\t\t});\n\t\t\t\ticonFeature0.setStyle(iconStyle0);\n\t\t\t\tvectorMarkerSource.addFeature(iconFeature0);\n\t\t\t   \n                          var iconStyle1 = new ol.style.Style({\n\t\t\t\t  image: new ol.style.Icon(\/** @type {olx.style.IconOptions} *\/({\n\t\t\t\t\tanchor: [(-16*-1),(-41*-1)],\n\t\t\t\t\tanchorXUnits: \"pixels\",\n\t\t\t\t\tanchorYUnits: \"pixels\",\n\t\t\t\t\topacity: 0.9,\n\t\t\t\t\tsrc: \"https:\/\/waageplatz-viertel.org\/wp-content\/plugins\/osm\/icons\/mic_black_service_10.png\"\n\t\t\t\t  }))\n\t\t\t\t});\n\t\t\t\tvar iconFeature1 = new ol.Feature({\n\t\t\t\t  geometry: new ol.geom.Point(\n\t\t\t\t  ol.proj.transform([9.9312,51.5361], \"EPSG:4326\", \"EPSG:3857\")),\n\t\t\t\t  name: \"<a href=\\\"https:\/\/waageplatz-viertel.org\/index.php\/2022\/11\/28\/volksheim-der-ursprung-des-gewerkschaftshauses-in-der-om10\/\\\">Volksheim, der Ursprung des Gewerkschaftshauses in der OM10<\/a><br>\"\n\t\t\t\t});\n\t\t\t\ticonFeature1.setStyle(iconStyle1);\n\t\t\t\tvectorMarkerSource.addFeature(iconFeature1);\n\t\t\t   \n                          var iconStyle2 = new ol.style.Style({\n\t\t\t\t  image: new ol.style.Icon(\/** @type {olx.style.IconOptions} *\/({\n\t\t\t\t\tanchor: [(-16*-1),(-41*-1)],\n\t\t\t\t\tanchorXUnits: \"pixels\",\n\t\t\t\t\tanchorYUnits: \"pixels\",\n\t\t\t\t\topacity: 0.9,\n\t\t\t\t\tsrc: \"https:\/\/waageplatz-viertel.org\/wp-content\/plugins\/osm\/icons\/mic_black_empty_01.png\"\n\t\t\t\t  }))\n\t\t\t\t});\n\t\t\t\tvar iconFeature2 = new ol.Feature({\n\t\t\t\t  geometry: new ol.geom.Point(\n\t\t\t\t  ol.proj.transform([9.9316,51.5364], \"EPSG:4326\", \"EPSG:3857\")),\n\t\t\t\t  name: \"<a href=\\\"https:\/\/waageplatz-viertel.org\/index.php\/2022\/11\/28\/jva-gefaengniszeitschrift-die-mauer\/\\\">JVA Gef\u00e4ngniszeitschrift: Die Mauer<\/a><br>\"\n\t\t\t\t});\n\t\t\t\ticonFeature2.setStyle(iconStyle2);\n\t\t\t\tvectorMarkerSource.addFeature(iconFeature2);\n\t\t\t   \n                          var iconStyle3 = new ol.style.Style({\n\t\t\t\t  image: new ol.style.Icon(\/** @type {olx.style.IconOptions} *\/({\n\t\t\t\t\tanchor: [(-16*-1),(-41*-1)],\n\t\t\t\t\tanchorXUnits: \"pixels\",\n\t\t\t\t\tanchorYUnits: \"pixels\",\n\t\t\t\t\topacity: 0.9,\n\t\t\t\t\tsrc: \"https:\/\/waageplatz-viertel.org\/wp-content\/plugins\/osm\/icons\/mic_black_highschool_10.png\"\n\t\t\t\t  }))\n\t\t\t\t});\n\t\t\t\tvar iconFeature3 = new ol.Feature({\n\t\t\t\t  geometry: new ol.geom.Point(\n\t\t\t\t  ol.proj.transform([9.9298,51.5354], \"EPSG:4326\", \"EPSG:3857\")),\n\t\t\t\t  name: \"<a href=\\\"https:\/\/waageplatz-viertel.org\/index.php\/2023\/01\/03\/universitaetswaisenhaus\/\\\">Universit\u00e4tswaisenhaus<\/a><br>\"\n\t\t\t\t});\n\t\t\t\ticonFeature3.setStyle(iconStyle3);\n\t\t\t\tvectorMarkerSource.addFeature(iconFeature3);\n\t\t\t   \n                          var iconStyle4 = new ol.style.Style({\n\t\t\t\t  image: new ol.style.Icon(\/** @type {olx.style.IconOptions} *\/({\n\t\t\t\t\tanchor: [(-16*-1),(-41*-1)],\n\t\t\t\t\tanchorXUnits: \"pixels\",\n\t\t\t\t\tanchorYUnits: \"pixels\",\n\t\t\t\t\topacity: 0.9,\n\t\t\t\t\tsrc: \"https:\/\/waageplatz-viertel.org\/wp-content\/plugins\/osm\/icons\/mic_black_funpark_10.png\"\n\t\t\t\t  }))\n\t\t\t\t});\n\t\t\t\tvar iconFeature4 = new ol.Feature({\n\t\t\t\t  geometry: new ol.geom.Point(\n\t\t\t\t  ol.proj.transform([9.9305,51.5356], \"EPSG:4326\", \"EPSG:3857\")),\n\t\t\t\t  name: \"<a href=\\\"https:\/\/waageplatz-viertel.org\/index.php\/2023\/01\/11\/die-maschgemeinde\/\\\">Die Maschgemeinde<\/a><br>\"\n\t\t\t\t});\n\t\t\t\ticonFeature4.setStyle(iconStyle4);\n\t\t\t\tvectorMarkerSource.addFeature(iconFeature4);\n\t\t\t   \n                          var iconStyle5 = new ol.style.Style({\n\t\t\t\t  image: new ol.style.Icon(\/** @type {olx.style.IconOptions} *\/({\n\t\t\t\t\tanchor: [(-16*-1),(-41*-1)],\n\t\t\t\t\tanchorXUnits: \"pixels\",\n\t\t\t\t\tanchorYUnits: \"pixels\",\n\t\t\t\t\topacity: 0.9,\n\t\t\t\t\tsrc: \"https:\/\/waageplatz-viertel.org\/wp-content\/plugins\/osm\/icons\/mic_black_carnival_10.png\"\n\t\t\t\t  }))\n\t\t\t\t});\n\t\t\t\tvar iconFeature5 = new ol.Feature({\n\t\t\t\t  geometry: new ol.geom.Point(\n\t\t\t\t  ol.proj.transform([9.9324,51.5363], \"EPSG:4326\", \"EPSG:3857\")),\n\t\t\t\t  name: \"<a href=\\\"https:\/\/waageplatz-viertel.org\/index.php\/2023\/01\/19\/mittelalterliches-rennen-und-stechen-auf-dem-waageplatz\/\\\">Mittelalterliches Rennen und Stechen auf dem Waageplatz<\/a><br>\"\n\t\t\t\t});\n\t\t\t\ticonFeature5.setStyle(iconStyle5);\n\t\t\t\tvectorMarkerSource.addFeature(iconFeature5);\n\t\t\t   \n                          var iconStyle6 = new ol.style.Style({\n\t\t\t\t  image: new ol.style.Icon(\/** @type {olx.style.IconOptions} *\/({\n\t\t\t\t\tanchor: [(-16*-1),(-41*-1)],\n\t\t\t\t\tanchorXUnits: \"pixels\",\n\t\t\t\t\tanchorYUnits: \"pixels\",\n\t\t\t\t\topacity: 0.9,\n\t\t\t\t\tsrc: \"https:\/\/waageplatz-viertel.org\/wp-content\/plugins\/osm\/icons\/mic_black_flowers_10.png\"\n\t\t\t\t  }))\n\t\t\t\t});\n\t\t\t\tvar iconFeature6 = new ol.Feature({\n\t\t\t\t  geometry: new ol.geom.Point(\n\t\t\t\t  ol.proj.transform([9.9316,51.5346], \"EPSG:4326\", \"EPSG:3857\")),\n\t\t\t\t  name: \"<a href=\\\"https:\/\/waageplatz-viertel.org\/index.php\/2023\/02\/06\/blumentag-auch-im-maschvierte\/\\\">Blumentag \u2013 auch im Maschviertel<\/a><br>\"\n\t\t\t\t});\n\t\t\t\ticonFeature6.setStyle(iconStyle6);\n\t\t\t\tvectorMarkerSource.addFeature(iconFeature6);\n\t\t\t   \n                          var iconStyle7 = new ol.style.Style({\n\t\t\t\t  image: new ol.style.Icon(\/** @type {olx.style.IconOptions} *\/({\n\t\t\t\t\tanchor: [(-16*-1),(-41*-1)],\n\t\t\t\t\tanchorXUnits: \"pixels\",\n\t\t\t\t\tanchorYUnits: \"pixels\",\n\t\t\t\t\topacity: 0.9,\n\t\t\t\t\tsrc: \"https:\/\/waageplatz-viertel.org\/wp-content\/plugins\/osm\/icons\/mic_black_highschool_10.png\"\n\t\t\t\t  }))\n\t\t\t\t});\n\t\t\t\tvar iconFeature7 = new ol.Feature({\n\t\t\t\t  geometry: new ol.geom.Point(\n\t\t\t\t  ol.proj.transform([9.9322,51.5367], \"EPSG:4326\", \"EPSG:3857\")),\n\t\t\t\t  name: \"<a href=\\\"https:\/\/waageplatz-viertel.org\/index.php\/2023\/03\/01\/leerstelle-mit-vergangenheit-der-standort-des-ehemaligen-reformierten-studienhauses\/\\\">Leerstelle mit Vergangenheit: Der Standort des ehemaligen Reformierten Studienhauses<\/a><br>\"\n\t\t\t\t});\n\t\t\t\ticonFeature7.setStyle(iconStyle7);\n\t\t\t\tvectorMarkerSource.addFeature(iconFeature7);\n\t\t\t   \n                          var iconStyle8 = new ol.style.Style({\n\t\t\t\t  image: new ol.style.Icon(\/** @type {olx.style.IconOptions} *\/({\n\t\t\t\t\tanchor: [(-16*-1),(-41*-1)],\n\t\t\t\t\tanchorXUnits: \"pixels\",\n\t\t\t\t\tanchorYUnits: \"pixels\",\n\t\t\t\t\topacity: 0.9,\n\t\t\t\t\tsrc: \"https:\/\/waageplatz-viertel.org\/wp-content\/plugins\/osm\/icons\/mic_black_townhall_10.png\"\n\t\t\t\t  }))\n\t\t\t\t});\n\t\t\t\tvar iconFeature8 = new ol.Feature({\n\t\t\t\t  geometry: new ol.geom.Point(\n\t\t\t\t  ol.proj.transform([9.9310,51.5361], \"EPSG:4326\", \"EPSG:3857\")),\n\t\t\t\t  name: \"<a href=\\\"https:\/\/waageplatz-viertel.org\/index.php\/2023\/03\/09\/wenn-die-synagoge-wieder-auftaucht\/\\\">Wenn die Synagoge wieder auftaucht<\/a><br>\"\n\t\t\t\t});\n\t\t\t\ticonFeature8.setStyle(iconStyle8);\n\t\t\t\tvectorMarkerSource.addFeature(iconFeature8);\n\t\t\t   \n                          var iconStyle9 = new ol.style.Style({\n\t\t\t\t  image: new ol.style.Icon(\/** @type {olx.style.IconOptions} *\/({\n\t\t\t\t\tanchor: [(-16*-1),(-41*-1)],\n\t\t\t\t\tanchorXUnits: \"pixels\",\n\t\t\t\t\tanchorYUnits: \"pixels\",\n\t\t\t\t\topacity: 0.9,\n\t\t\t\t\tsrc: \"https:\/\/waageplatz-viertel.org\/wp-content\/plugins\/osm\/icons\/mic_black_doc_10.png\"\n\t\t\t\t  }))\n\t\t\t\t});\n\t\t\t\tvar iconFeature9 = new ol.Feature({\n\t\t\t\t  geometry: new ol.geom.Point(\n\t\t\t\t  ol.proj.transform([9.9326,51.5364], \"EPSG:4326\", \"EPSG:3857\")),\n\t\t\t\t  name: \"<a href=\\\"https:\/\/waageplatz-viertel.org\/index.php\/2023\/03\/10\/historische-spuren-in-der-mauer-am-leinekanal\/\\\">Historische Spuren in der Mauer am Leinekanal<\/a><br>\"\n\t\t\t\t});\n\t\t\t\ticonFeature9.setStyle(iconStyle9);\n\t\t\t\tvectorMarkerSource.addFeature(iconFeature9);\n\t\t\t   \n                          var iconStyle10 = new ol.style.Style({\n\t\t\t\t  image: new ol.style.Icon(\/** @type {olx.style.IconOptions} *\/({\n\t\t\t\t\tanchor: [(-16*-1),(-41*-1)],\n\t\t\t\t\tanchorXUnits: \"pixels\",\n\t\t\t\t\tanchorYUnits: \"pixels\",\n\t\t\t\t\topacity: 0.9,\n\t\t\t\t\tsrc: \"https:\/\/waageplatz-viertel.org\/wp-content\/plugins\/osm\/icons\/mic_green_palm-tree-export_01.png\"\n\t\t\t\t  }))\n\t\t\t\t});\n\t\t\t\tvar iconFeature10 = new ol.Feature({\n\t\t\t\t  geometry: new ol.geom.Point(\n\t\t\t\t  ol.proj.transform([9.9314,51.5355], \"EPSG:4326\", \"EPSG:3857\")),\n\t\t\t\t  name: \"<a href=\\\"https:\/\/waageplatz-viertel.org\/index.php\/2023\/03\/12\/wuestengestruepp-und-seegurken-mit-peter-forsskal-auf-reisen\/\\\">W\u00fcstengestr\u00fcpp und Seegurken: Mit Peter Forssk\u00e5l auf Reisen<\/a><br>\"\n\t\t\t\t});\n\t\t\t\ticonFeature10.setStyle(iconStyle10);\n\t\t\t\tvectorMarkerSource.addFeature(iconFeature10);\n\t\t\t   \n                          var iconStyle11 = new ol.style.Style({\n\t\t\t\t  image: new ol.style.Icon(\/** @type {olx.style.IconOptions} *\/({\n\t\t\t\t\tanchor: [(-16*-1),(-41*-1)],\n\t\t\t\t\tanchorXUnits: \"pixels\",\n\t\t\t\t\tanchorYUnits: \"pixels\",\n\t\t\t\t\topacity: 0.9,\n\t\t\t\t\tsrc: \"https:\/\/waageplatz-viertel.org\/wp-content\/plugins\/osm\/icons\/mic_black_townhall_10.png\"\n\t\t\t\t  }))\n\t\t\t\t});\n\t\t\t\tvar iconFeature11 = new ol.Feature({\n\t\t\t\t  geometry: new ol.geom.Point(\n\t\t\t\t  ol.proj.transform([9.9323,51.5365], \"EPSG:4326\", \"EPSG:3857\")),\n\t\t\t\t  name: \"<a href=\\\"https:\/\/waageplatz-viertel.org\/index.php\/2023\/04\/29\/klein-versailles-im-hinterhof-der-stadt-wie-der-waageplatz-seinen-springbrunnen-bekam\/\\\">Klein Versailles im Hinterhof der Stadt? Wie der Waageplatz seinen Springbrunnen bekam<\/a><br>\"\n\t\t\t\t});\n\t\t\t\ticonFeature11.setStyle(iconStyle11);\n\t\t\t\tvectorMarkerSource.addFeature(iconFeature11);\n\t\t\t   \n                          var iconStyle12 = new ol.style.Style({\n\t\t\t\t  image: new ol.style.Icon(\/** @type {olx.style.IconOptions} *\/({\n\t\t\t\t\tanchor: [(-16*-1),(-41*-1)],\n\t\t\t\t\tanchorXUnits: \"pixels\",\n\t\t\t\t\tanchorYUnits: \"pixels\",\n\t\t\t\t\topacity: 0.9,\n\t\t\t\t\tsrc: \"https:\/\/waageplatz-viertel.org\/wp-content\/plugins\/osm\/icons\/mic_green_palm-tree-export_01.png\"\n\t\t\t\t  }))\n\t\t\t\t});\n\t\t\t\tvar iconFeature12 = new ol.Feature({\n\t\t\t\t  geometry: new ol.geom.Point(\n\t\t\t\t  ol.proj.transform([9.9303,51.5363], \"EPSG:4326\", \"EPSG:3857\")),\n\t\t\t\t  name: \"<a href=\\\"https:\/\/waageplatz-viertel.org\/index.php\/2023\/06\/24\/hieroglyphen-zwischen-schweinestaellen-der-aegyptologe-heinrich-brugsch-in-der-unteren-masch-strasse\/\\\">Hieroglyphen zwischen Schweinest\u00e4llen? &#8211; Der \u00c4gyptologe Heinrich Brugsch in der Unteren Masch Stra\u00dfe<\/a><br>\"\n\t\t\t\t});\n\t\t\t\ticonFeature12.setStyle(iconStyle12);\n\t\t\t\tvectorMarkerSource.addFeature(iconFeature12);\n\t\t\t   \n                          var iconStyle13 = new ol.style.Style({\n\t\t\t\t  image: new ol.style.Icon(\/** @type {olx.style.IconOptions} *\/({\n\t\t\t\t\tanchor: [(-16*-1),(-41*-1)],\n\t\t\t\t\tanchorXUnits: \"pixels\",\n\t\t\t\t\tanchorYUnits: \"pixels\",\n\t\t\t\t\topacity: 0.9,\n\t\t\t\t\tsrc: \"https:\/\/waageplatz-viertel.org\/wp-content\/plugins\/osm\/icons\/mic_black_building_10.png\"\n\t\t\t\t  }))\n\t\t\t\t});\n\t\t\t\tvar iconFeature13 = new ol.Feature({\n\t\t\t\t  geometry: new ol.geom.Point(\n\t\t\t\t  ol.proj.transform([9.9322,51.5358], \"EPSG:4326\", \"EPSG:3857\")),\n\t\t\t\t  name: \"<a href=\\\"https:\/\/waageplatz-viertel.org\/index.php\/2023\/06\/30\/von-der-senatorenvilla-zur-sackstopferei-das-gelaende-suedlich-des-waageplatzes-im-19-20-jahrhundert\/\\\">Von der Senatorenvilla zur Sackstopferei: Das Gel\u00e4nde s\u00fcdlich des Waageplatzes im 19.\/20. Jahrhundert<\/a><br>\"\n\t\t\t\t});\n\t\t\t\ticonFeature13.setStyle(iconStyle13);\n\t\t\t\tvectorMarkerSource.addFeature(iconFeature13);\n\t\t\t   \n                          var iconStyle14 = new ol.style.Style({\n\t\t\t\t  image: new ol.style.Icon(\/** @type {olx.style.IconOptions} *\/({\n\t\t\t\t\tanchor: [(-16*-1),(-41*-1)],\n\t\t\t\t\tanchorXUnits: \"pixels\",\n\t\t\t\t\tanchorYUnits: \"pixels\",\n\t\t\t\t\topacity: 0.9,\n\t\t\t\t\tsrc: \"https:\/\/waageplatz-viertel.org\/wp-content\/plugins\/osm\/icons\/mic_black_theater_10.png\"\n\t\t\t\t  }))\n\t\t\t\t});\n\t\t\t\tvar iconFeature14 = new ol.Feature({\n\t\t\t\t  geometry: new ol.geom.Point(\n\t\t\t\t  ol.proj.transform([9.9321,51.5364], \"EPSG:4326\", \"EPSG:3857\")),\n\t\t\t\t  name: \"<a href=\\\"https:\/\/waageplatz-viertel.org\/index.php\/2023\/07\/09\/spruetzenprowe-und-marestratsbeleidijung-zwei-cheschichten-von-schorse-szueltenbuerger-auf-dem-waageplatz\/\\\">\u201eSpr\u00fctzenprowe\u201c und \u201eMarestratsbeleidijung\u201c &#8211; zwei \u201eCheschichten\u201c von Schorse Sz\u00fcltenb\u00fcrger auf dem Waageplatz<\/a><br>\"\n\t\t\t\t});\n\t\t\t\ticonFeature14.setStyle(iconStyle14);\n\t\t\t\tvectorMarkerSource.addFeature(iconFeature14);\n\t\t\t   \n                          var iconStyle15 = new ol.style.Style({\n\t\t\t\t  image: new ol.style.Icon(\/** @type {olx.style.IconOptions} *\/({\n\t\t\t\t\tanchor: [(-16*-1),(-41*-1)],\n\t\t\t\t\tanchorXUnits: \"pixels\",\n\t\t\t\t\tanchorYUnits: \"pixels\",\n\t\t\t\t\topacity: 0.9,\n\t\t\t\t\tsrc: \"https:\/\/waageplatz-viertel.org\/wp-content\/plugins\/osm\/icons\/mic_black_museum_10.png\"\n\t\t\t\t  }))\n\t\t\t\t});\n\t\t\t\tvar iconFeature15 = new ol.Feature({\n\t\t\t\t  geometry: new ol.geom.Point(\n\t\t\t\t  ol.proj.transform([9.9328,51.5359], \"EPSG:4326\", \"EPSG:3857\")),\n\t\t\t\t  name: \"<a href=\\\"https:\/\/waageplatz-viertel.org\/index.php\/2023\/08\/16\/die-stockleffmuehle-ein-faszinierendes-denkmal-der-muehlentechnik\/\\\">Die Stockleffm\u00fchle  \u2013 ein faszinierendes Denkmal der M\u00fchlentechnik<\/a><br>\"\n\t\t\t\t});\n\t\t\t\ticonFeature15.setStyle(iconStyle15);\n\t\t\t\tvectorMarkerSource.addFeature(iconFeature15);\n\t\t\t   \n                          var iconStyle16 = new ol.style.Style({\n\t\t\t\t  image: new ol.style.Icon(\/** @type {olx.style.IconOptions} *\/({\n\t\t\t\t\tanchor: [(-16*-1),(-41*-1)],\n\t\t\t\t\tanchorXUnits: \"pixels\",\n\t\t\t\t\tanchorYUnits: \"pixels\",\n\t\t\t\t\topacity: 0.9,\n\t\t\t\t\tsrc: \"https:\/\/waageplatz-viertel.org\/wp-content\/plugins\/osm\/icons\/mic_black_godhouse_10.png\"\n\t\t\t\t  }))\n\t\t\t\t});\n\t\t\t\tvar iconFeature16 = new ol.Feature({\n\t\t\t\t  geometry: new ol.geom.Point(\n\t\t\t\t  ol.proj.transform([9.9320,51.5362], \"EPSG:4326\", \"EPSG:3857\")),\n\t\t\t\t  name: \"<a href=\\\"https:\/\/waageplatz-viertel.org\/index.php\/2023\/11\/30\/gefaengnisseelsorge-in-der-alten-jva\/\\\">Gef\u00e4ngnisseelsorge in der alten JVA<\/a><br>\"\n\t\t\t\t});\n\t\t\t\ticonFeature16.setStyle(iconStyle16);\n\t\t\t\tvectorMarkerSource.addFeature(iconFeature16);\n\t\t\t   \n                          var iconStyle17 = new ol.style.Style({\n\t\t\t\t  image: new ol.style.Icon(\/** @type {olx.style.IconOptions} *\/({\n\t\t\t\t\tanchor: [(-16*-1),(-41*-1)],\n\t\t\t\t\tanchorXUnits: \"pixels\",\n\t\t\t\t\tanchorYUnits: \"pixels\",\n\t\t\t\t\topacity: 0.9,\n\t\t\t\t\tsrc: \"https:\/\/waageplatz-viertel.org\/wp-content\/plugins\/osm\/icons\/mic_black_chess_10.png\"\n\t\t\t\t  }))\n\t\t\t\t});\n\t\t\t\tvar iconFeature17 = new ol.Feature({\n\t\t\t\t  geometry: new ol.geom.Point(\n\t\t\t\t  ol.proj.transform([9.9292,51.5363], \"EPSG:4326\", \"EPSG:3857\")),\n\t\t\t\t  name: \"<a href=\\\"https:\/\/waageplatz-viertel.org\/index.php\/2024\/01\/02\/geheimnisvolle-mauer-im-wall\/\\\">Geheimnisvolle Mauer im Wall<\/a><br>\"\n\t\t\t\t});\n\t\t\t\ticonFeature17.setStyle(iconStyle17);\n\t\t\t\tvectorMarkerSource.addFeature(iconFeature17);\n\t\t\t   \n                          var iconStyle18 = new ol.style.Style({\n\t\t\t\t  image: new ol.style.Icon(\/** @type {olx.style.IconOptions} *\/({\n\t\t\t\t\tanchor: [(-16*-1),(-41*-1)],\n\t\t\t\t\tanchorXUnits: \"pixels\",\n\t\t\t\t\tanchorYUnits: \"pixels\",\n\t\t\t\t\topacity: 0.9,\n\t\t\t\t\tsrc: \"https:\/\/waageplatz-viertel.org\/wp-content\/plugins\/osm\/icons\/mic_black_chess_10.png\"\n\t\t\t\t  }))\n\t\t\t\t});\n\t\t\t\tvar iconFeature18 = new ol.Feature({\n\t\t\t\t  geometry: new ol.geom.Point(\n\t\t\t\t  ol.proj.transform([9.9316,51.5370], \"EPSG:4326\", \"EPSG:3857\")),\n\t\t\t\t  name: \"<a href=\\\"https:\/\/waageplatz-viertel.org\/index.php\/2024\/01\/02\/die-cola-fabrik-im-stadtgraben-zur-vorgeschichte-des-grotefend-areals\/\\\">Die Cola-Fabrik im Stadtgraben: Zur \u201eVorgeschichte\u201c des Grotefend-Areals<\/a><br>\"\n\t\t\t\t});\n\t\t\t\ticonFeature18.setStyle(iconStyle18);\n\t\t\t\tvectorMarkerSource.addFeature(iconFeature18);\n\t\t\t   \n                          var iconStyle19 = new ol.style.Style({\n\t\t\t\t  image: new ol.style.Icon(\/** @type {olx.style.IconOptions} *\/({\n\t\t\t\t\tanchor: [(-16*-1),(-41*-1)],\n\t\t\t\t\tanchorXUnits: \"pixels\",\n\t\t\t\t\tanchorYUnits: \"pixels\",\n\t\t\t\t\topacity: 0.9,\n\t\t\t\t\tsrc: \"https:\/\/waageplatz-viertel.org\/wp-content\/plugins\/osm\/icons\/mic_black_border_10.png\"\n\t\t\t\t  }))\n\t\t\t\t});\n\t\t\t\tvar iconFeature19 = new ol.Feature({\n\t\t\t\t  geometry: new ol.geom.Point(\n\t\t\t\t  ol.proj.transform([9.9313,51.5359], \"EPSG:4326\", \"EPSG:3857\")),\n\t\t\t\t  name: \"<a href=\\\"https:\/\/waageplatz-viertel.org\/index.php\/2024\/10\/27\/das-maschviertel-zur-zeit-des-nationalsozialismus\/\\\">Das Maschviertel zur Zeit des Nationalsozialismus<\/a><br>\"\n\t\t\t\t});\n\t\t\t\ticonFeature19.setStyle(iconStyle19);\n\t\t\t\tvectorMarkerSource.addFeature(iconFeature19);\n\t\t\t   map_ol3js_1.addLayer(vectorMarkerLayer);addControls2Map(map_ol3js_1,0,0,3,0,5,6,7,0,1);\nosm_addPopupClickhandler(map_ol3js_1,  \"map_ol3js_1\"); \nosm_addMouseHover(map_ol3js_1); <\/script><\/code><\/p>\n<ul>\n<li><a href=\"https:\/\/waageplatz-viertel.org\/?page_id=303&amp;preview=true\">Historische Fotos aus dem Waageplatz-Viertel<\/a><\/li>\n<li><a href=\"https:\/\/waageplatz-viertel.org\/index.php\/category\/geschichten\/\">Geschichte(n) aus dem Waageplatz-Viertel<\/a><\/li>\n<li><a href=\"http:\/\/waageplatz-viertel.org\/index.php\/links-und-literatur\/\">Links und Literatur<\/a><\/li>\n<\/ul>\n<p>Auf unserer Spurensuche wollen wir erfahren, wie es in unseren Stra\u00dfen fr\u00fcher ausgesehen hat, wie sich das Viertel ver\u00e4ndert hat, was die Geschichte der Frauen und Kinder ist, wie hier Gemeinschaft gelebt wurde und wie Herausforderungen gemeinsam bew\u00e4ltigt wurden. Wir wollen die Geschichte von unten erforschen und mit einem ganzheitlichen Blick betrachten, denn eine Geschichtsschreibung, die nur von Herrschern, Adeligen und einzelnen Schlachten erz\u00e4hlt, gibt wenig Einblick in das Leben der Menschen, wie etwa der B\u00e4uerinnen und Handwerker, der Hebammen und Waisenkinder. Mit Blick auf die lokale Ebene k\u00f6nnen wir auch einen Einblick bekommen, wie die Ereignisse hier mit den gr\u00f6\u00dferen Entwicklungen auf der Welt in Zusammenhang stehen und umgekehrt. <span lang=\"de-DE\">Wenn wir verstehen, was unsere Geschichte ist, k\u00f6nnen wir auch L\u00f6sungen f\u00fcr die Probleme finden, mit denen wir heute konfrontiert sind, wie sie entstanden sind und in welchen Momenten sie sich zugespitzt haben, aber auch, welche L\u00f6sungen gefunden wurden.<\/span><\/p>\n<p>Setzen wir uns mit der Geschichte des Viertels auseinander, entwickeln wir eine Beziehung zu dem Ort, an dem wir leben. Wir lernen, unsere Verbundenheit im Viertel zu vertiefen und den Blick zu erweitern. In unseren Treffen sprechen wir mit Nachbar*innen oder befragen Zeitzeug*innen. Wir st\u00f6bern in Bibliotheken, gehen zusammen ins Stadtarchiv oder in das St\u00e4dtische Museum. Das erforschte Wissen und die Entdeckungen m\u00f6chten wir miteinander teilen und leicht zug\u00e4nglich machen, etwa durch das Aush\u00e4ngen von Fotos, Beitr\u00e4ge auf der Homepage des Forum Waageplatz-Viertel und durch Viertelrundg\u00e4nge. Die AG Geschichte ist Teil der Nachbarschaftsvernetzung Forum Waageplatz-Viertel. <span lang=\"de-DE\">Die Treffen sind offen f\u00fcr alle interessierten Nachbar*innen und Freund*innen; niemand braucht Vorwissen mitzubringen.<\/span><\/p>\n<p>Wir sind eine offene Gruppe und freuen uns, wenn Du mitmachen m\u00f6chtest! Auch, wenn du von fr\u00fcher erz\u00e4hlen oder Historisches teilen m\u00f6chtest.<\/p>\n<p><strong>Wir treffen uns jeden 3. Donnerstag im Monat um 18 Uhr am Platz der Synagoge<\/strong><br \/>\n<strong>Kontakt: geschichte@waageplatz-viertel.org<\/strong><\/p>\n","protected":false},"excerpt":{"rendered":"<p>In der AG Geschichte n\u00e4hern wir uns gemeinsam der Vergangenheit unseres Viertels rund um den Waageplatz an. Wir sind geschichtsinteressierte Menschen, die hier leben. Historische Fotos aus dem Waageplatz-Viertel Geschichte(n) aus dem Waageplatz-Viertel Links und Literatur Auf unserer Spurensuche wollen wir erfahren, wie es in unseren Stra\u00dfen fr\u00fcher ausgesehen hat, wie sich das Viertel ver\u00e4ndert [&hellip;]<\/p>\n","protected":false},"author":2,"featured_media":0,"parent":0,"menu_order":0,"comment_status":"closed","ping_status":"closed","template":"","meta":{"ngg_post_thumbnail":0,"footnotes":""},"class_list":["post-252","page","type-page","status-publish","hentry"],"_links":{"self":[{"href":"https:\/\/waageplatz-viertel.org\/index.php\/wp-json\/wp\/v2\/pages\/252","targetHints":{"allow":["GET"]}}],"collection":[{"href":"https:\/\/waageplatz-viertel.org\/index.php\/wp-json\/wp\/v2\/pages"}],"about":[{"href":"https:\/\/waageplatz-viertel.org\/index.php\/wp-json\/wp\/v2\/types\/page"}],"author":[{"embeddable":true,"href":"https:\/\/waageplatz-viertel.org\/index.php\/wp-json\/wp\/v2\/users\/2"}],"replies":[{"embeddable":true,"href":"https:\/\/waageplatz-viertel.org\/index.php\/wp-json\/wp\/v2\/comments?post=252"}],"version-history":[{"count":44,"href":"https:\/\/waageplatz-viertel.org\/index.php\/wp-json\/wp\/v2\/pages\/252\/revisions"}],"predecessor-version":[{"id":1130,"href":"https:\/\/waageplatz-viertel.org\/index.php\/wp-json\/wp\/v2\/pages\/252\/revisions\/1130"}],"wp:attachment":[{"href":"https:\/\/waageplatz-viertel.org\/index.php\/wp-json\/wp\/v2\/media?parent=252"}],"curies":[{"name":"wp","href":"https:\/\/api.w.org\/{rel}","templated":true}]}}