{"id":15,"date":"2017-07-29T16:05:45","date_gmt":"2017-07-29T14:05:45","guid":{"rendered":"http:\/\/waageplatz-viertel.org\/?page_id=15"},"modified":"2025-04-01T23:08:38","modified_gmt":"2025-04-01T21:08:38","slug":"presse","status":"publish","type":"page","link":"https:\/\/waageplatz-viertel.org\/index.php\/presse\/","title":{"rendered":"Presse"},"content":{"rendered":"<p><strong>Pressemitteilungen<\/strong><\/p>\n<p><a href=\"https:\/\/waageplatz-viertel.org\/index.php\/2025\/01\/16\/pm-grosse-wut-auf-den-traeger-heilsarmee-und-breite-solidaritaet-mit-den-bewohnenden\/\" target=\"_blank\" rel=\"noopener\">Gro\u00dfe Wut auf den Tr\u00e4ger Heilsarmee und breite Solidarit\u00e4t mit den Bewohnenden_PM_20250116<\/a><\/p>\n<p><a href=\"https:\/\/waageplatz-viertel.org\/wp-content\/uploads\/2024\/12\/Notlage-Bewohner-und-dringender-Handlungsbedarf-Heilsarmee-Goettingen-Offener-Brief-FWV-11.12.24.pdf\" target=\"_blank\" rel=\"noopener\">Heilsarmee: Eskalation durch Herrn S. stoppen &#8211; den Bewohnern eine Perspektive geben_Offener Brief, 20241211<\/a><\/p>\n<p><a href=\"https:\/\/waageplatz-viertel.org\/wp-content\/uploads\/2024\/04\/Stehen-ann-der-Seite-der-Heilsarmee_Offener-Brief-20240402.pdf\" target=\"_blank\" rel=\"noopener\">Forum Waageplatz-Viertel steht an der Seite der Heilsarmee_Offener Brief, 20240402<\/a><\/p>\n<p><a href=\"https:\/\/waageplatz-viertel.org\/wp-content\/uploads\/2024\/04\/PM_Rassistische-Schmierereien-in-der-Nacht-19.-20.02.-2024-20240222.pdf\" target=\"_blank\" rel=\"noopener\">Rassistische Schmierereien in der Nacht 19.-20. Februar 2024, 20240222<\/a><\/p>\n<p><a href=\"https:\/\/waageplatz-viertel.org\/index.php\/2022\/09\/08\/wohnungslose-brauchen-einen-guten-platz-in-der-innenstadt-unsere-nachbarinnen-bleiben\/\">Offener Brief an Frau Broistedt: Wohnungslose brauchen einen guten Platz in der Innenstadt &#8211; Unsere Nachbar*innen bleiben!, 20220908<\/a><\/p>\n<p><a href=\"http:\/\/waageplatz-viertel.org\/wp-content\/uploads\/2022\/03\/PM-Untere-Masch-13_07.07.2021.pdf\">Aus Fehlern sollte man Schl\u00fcsse ziehen: Untere-Masch-Stra\u00dfe 13 bleibt ein Paradebeispiel f\u00fcr fehlgeleitete Wohnungspolitik_PM_20210707<\/a><\/p>\n<p><a href=\"http:\/\/waageplatz-viertel.org\/index.php\/2019\/10\/29\/pm-soziales-zentrum-in-der-ehemaligen-jva-kurzkonzept-zur-weiteren-entwicklung\/\">Soziales Zentrum in der ehemaligen JVA \u2013 Kurzkonzept zur weiteren Entwicklung_PM_20191029<\/a><\/p>\n<p><a href=\"http:\/\/waageplatz-viertel.org\/index.php\/2019\/06\/04\/pm-kalte-entmietung-der-bewohnerinnen-und-bewohner-der-unteren-masch-str-13-nach-kauf-durch-coreo-real-estate\/\">Kalte Entmietung der BewohnerInnen der Unteren-Masch-Str. 13 nach Kauf durch Coreo Real Estate_PM_20190505<\/a><\/p>\n<p><a href=\"http:\/\/waageplatz-viertel.org\/wp-content\/uploads\/2017\/07\/Was-nun-EU-Antrag-zur-JVA-abgelehnt_PM_20170926.pdf\">Was nun? EU-Antrag zur JVA abgelehnt_PM_20170926<\/a><\/p>\n<p><a href=\"http:\/\/waageplatzviertel.noblogs.org\/files\/2017\/06\/Pl\u00e4ne-f\u00fcr-JVA-und-Waageplatz-nur-mit-uns_BF-Waageplatz-Viertel_PM_20170320.pdf\">Pl\u00e4ne f\u00fcr JVA und Waageplatz nur mit uns_BF Waageplatz-Viertel_PM_20170320<\/a><\/p>\n<p><strong>Presseberichte<\/strong><\/p>\n<p><a href=\"https:\/\/www.ndr.de\/fernsehen\/sendungen\/hallo_niedersachsen\/Umstrittener-Umzug-Goettinger-Heilsarmee-in-neuem-Gebaeude,hallonds94212.html\" target=\"_blank\" rel=\"noopener\">Umstrittener Umzug: G\u00f6ttinger Heilsarmee in neuem Geb\u00e4ude<\/a>, NDR, 20250330<\/p>\n<p><a href=\"https:\/\/waageplatz-viertel.org\/wp-content\/uploads\/2025\/03\/Ehemalige-JVA-Nutzungskonzepte-werden-im-Bauausschuss-vorgestellt-GT-20250317.pdf\" target=\"_blank\" rel=\"noopener\">Ehemalige JVA in G\u00f6ttingen: Nutzungskonzepte f\u00fcr das denkmalgesch\u00fctzte Haus sollen im Bauausschuss vorgestellt werden<\/a>, GT, 20250317<\/p>\n<p><a href=\"https:\/\/waageplatz-viertel.org\/wp-content\/uploads\/2025\/02\/Blockade-an-der-Heilsarmee-GT-20250222.pdf\" target=\"_blank\" rel=\"noopener\">Blockade an der Heilsarmee<\/a>, GT, 20250222<\/p>\n<p><a href=\"https:\/\/waageplatz-viertel.org\/wp-content\/uploads\/2025\/01\/22Schwer-enttaeuscht-ueber-das-Verhalten-der-Heilsarmee22-Solidaritaetskundgebung-fuer-die-Bewohner-GT-20250118.pdf\" target=\"_blank\" rel=\"noopener\">&#8222;Schwer entt\u00e4uscht \u00fcber das Verhalten der Heilsarmee&#8220; &#8211; Solidarit\u00e4tskundgebung f\u00fcr die Bewohner und die Leitung des Heilsarmee-Hauses<\/a>, GT, 18.01.2025<\/p>\n<p><a href=\"https:\/\/www.stadtradio-goettingen.de.\/redaktion\/nachrichtenarchiv\/2025\/januar_2025\/solidaritaet_mit_den_bewohnenden_der_heilsarmee_mehr_als_100_menschen_nehmen_an_kundgebung_in_goettingen_teil\/\" target=\"_blank\" rel=\"noopener\">&#8222;Solidsarit\u00e4t mit den Bewohnenden der Heilsarmee&#8220;: Mehr als 100 Menschen nehmen an Kundgebung in G\u00f6ttingen teil<\/a>, StadtRadio, 17.01.2025<\/p>\n<p><a href=\"https:\/\/www.goettinger-tageblatt.de\/lokales\/goettingen-lk\/goettingen\/demo-in-goettingen-protest-gegen-heilsarmee-PBGEA6XJZNBGVDLUSN5QWSCC5M.html?utm_source=e421975b8fcd1efad644efc0d0bcacd7&amp;utm_campaign=08503ed6-842b-4029-8011-9ce6ba3c60a4&amp;aid=268d6c83670ead422003581bd02471856bc07352be63e0bad1dc39eba0cff6c8\" target=\"_blank\" rel=\"noopener\">&#8222;Schwer entt\u00e4uscht&#8220;: Demonstranten kritisieren Heilsarmee nach K\u00fcndigung der G\u00f6ttinger Wohheimleitung<\/a>, GT-online, 16.01.2025<\/p>\n<p><a href=\"https:\/\/www.youtube.com\/watch?v=VhnQ1w0g0XA\" target=\"_blank\" rel=\"noopener\">Kundgebung aus Solidarit\u00e4t mit den Bewohnenden der Heilsarmee &#8211; Ein unfairer Umzug?<\/a>, Gustavo unterwegs (video), 16.01.2025<\/p>\n<p><a href=\"https:\/\/www.hna.de\/lokales\/goettingen\/goettingen-ort28741\/hickhack-um-heilsarmee-soziale-einrichtung-plant-neustart-93516539.html\" target=\"_blank\" rel=\"noopener\">Hickhack um Heilsarmee: Soziale Einrichtung plant Neustart<\/a>, hna, 15.01.2025<\/p>\n<p><a href=\"https:\/\/waageplatz-viertel.org\/wp-content\/uploads\/2025\/01\/Heilsarmee-in-turbulenten-Zeiten-GT-20241227.pdf\" target=\"_blank\" rel=\"noopener\">Heilsarmee in turbulenten Zeiten<\/a>, GT, 27.12.2024<\/p>\n<p><a href=\"https:\/\/waageplatz-viertel.org\/wp-content\/uploads\/2024\/12\/Player-von-aussen-wollen-nur-Geld-verdienen-Anwohner-plaedieren-fuer-Soziales-Zentrum-GT-20241210.pdf\" target=\"_blank\" rel=\"noopener\">Player von au\u00dfen wollen nur Geld verdienen &#8211; Anwohner pl\u00e4dieren f\u00fcr Soziales Zentrum<\/a>, GT, 10.12.2024<\/p>\n<p><a href=\"https:\/\/waageplatz-viertel.org\/wp-content\/uploads\/2024\/12\/Ausgezeichnet-Preis-fuer-gesellschaftliches-Engagement-GT-20241210.pdf\" target=\"_blank\" rel=\"noopener\">Ausgezeichnet &#8211; Preis f\u00fcr gesellschaftliches Engagement<\/a>, GT, 10.12.2024<\/p>\n<p><a href=\"https:\/\/waageplatz-viertel.org\/wp-content\/uploads\/2024\/04\/\u201e\u2026-dann-kaufen-wir-doch-einfach-Haeuser-GT-20240426.pdf\" target=\"_blank\" rel=\"noopener\">&#8222;&#8230;dann kaufen wir doch einfach H\u00e4user!&#8220;<\/a>, GT, 26.04.2024<\/p>\n<p><a href=\"https:\/\/waageplatz-viertel.org\/wp-content\/uploads\/2024\/04\/Schimmel-zerfrisst-das-Gebaeude-ein-Riss-folgt-dem-naechsten-GT-20240408.pdf\" target=\"_blank\" rel=\"noopener\">Schimmel zerfrisst das Geb\u00e4ude &#8211; ein Riss folgt dem n\u00e4chsten<\/a>, GT, 08.04.2024<\/p>\n<p><a href=\"https:\/\/www.stadtradio-goettingen.de.\/redaktion\/nachrichtenarchiv\/2024\/april_2024\/forum_waageplatz_viertel_kritisiert_in_offenem_brief_umgang_mit_uebernachtungsheim_der_heilsarmee_in_untere_masch_strasse\/\" target=\"_blank\" rel=\"noopener\">Forum Waageplatz-Viertel kritisiert in offenem Brief Umgang mit \u00dcbernachtungsheim der Heilsarmee in Untere-Masch-Stra\u00dfe, StadtRadio<\/a>, 03.04.2025<\/p>\n<p><a href=\"https:\/\/www.goettinger-tageblatt.de\/lokales\/goettingen-lk\/goettingen\/goettingen-erneut-islamfeindliche-und-rassistische-schmierereien-aufgetaucht-BPXVQ46USBEUDJHAEVKKSQ2JIQ.html\" target=\"_blank\" rel=\"noopener\">Nach rassistischen Hetz-Parolen in der Innenstadt: G\u00f6ttinger greifen zur B\u00fcrste<\/a>, GT, 21.02.2024<\/p>\n<p><a href=\"https:\/\/www.stadtradio-goettingen.de\/beitraege\/soziales\/im_gespraech_wohnen_im_sanierungsgebiet_noerdliche_innenstadt\" target=\"_blank\" rel=\"noopener\">Im Gespr\u00e4ch: Wohnen im &#8222;Sanierungsgebiet N\u00f6rdliche Innenstadt&#8220;<\/a>, Stadtradio, 04.04.2023<\/p>\n<p><a href=\"http:\/\/waageplatz-viertel.org\/wp-content\/uploads\/2023\/03\/Waageplatz-soll-aufgeh\u00fcbscht-werden-GT-20230330.pdf\" target=\"_blank\" rel=\"noopener\">Waageplatz soll aufgeh\u00fcbscht werden &#8211; B\u00fcros suchen nach Ideen<\/a>, GT, 30.03.2023<\/p>\n<p><a href=\"http:\/\/waageplatz-viertel.org\/wp-content\/uploads\/2023\/03\/Zukunft-des-Waageplatzes-GT-20230323.pdf\" target=\"_blank\" rel=\"noopener\">Zukunft des Waageplatzes<\/a>, GT, 23.03.2023<\/p>\n<p><a href=\"http:\/\/waageplatz-viertel.org\/wp-content\/uploads\/2023\/02\/Schimmel-im-Keller-Risse-in-den-W\u00e4nden-GT-20230227.pdf\" target=\"_blank\" rel=\"noopener\">Schimmel im Keller, Risse in den W\u00e4nden &#8211; Heilsarmee k\u00e4mpft weiter mit marodem Geb\u00e4ude,<\/a> GT, 27.02.2023<\/p>\n<p><a href=\"https:\/\/www.stadtradio-goettingen.de\/beitraege\/politik\/die_strassensperrung_im_masch_strassen_viertel__erkenntnisse_aus_dem_modellversuch\/\" target=\"_blank\" rel=\"noopener\">Die Stra\u00dfensperrung im Masch-Stra\u00dfen-Viertel &#8211; Erkenntnisse aus dem Modellversuche<\/a>, Stadtradio 23.02.2023<\/p>\n<p><a href=\"https:\/\/www.stadtradio-goettingen.de\/beitraege\/politik\/der_umbau_des_waageplatzes__wird_die_noerdliche_innenstadt_gentrifiziert\" target=\"_blank\" rel=\"noopener\">Der Umbau des Waageplatzes &#8211; Wird die n\u00f6rdliche Innenstadt gentrifiziert?<\/a>, Stadtradio, 13.02.2023<\/p>\n<p><a href=\"https:\/\/www.hna.de\/lokales\/goettingen\/goettingen-ort28741\/uebernachtungsheim-schimmel-im-keller-91778757.html\" target=\"_blank\" rel=\"noopener\">\u00dcbernachtungsheim in G\u00f6ttingen: Schimmel im Keller<\/a>, HNA, 11.09.2022<\/p>\n<p><a href=\"http:\/\/waageplatz-viertel.org\/wp-content\/uploads\/2023\/02\/GT_Wenn-Dein-Zuhause-kein-Zuhause-mehr-ist_20200208.pdf\" target=\"_blank\" rel=\"noopener\">Wenn Dein Zuhause kein Zuhause mehr ist<\/a>, GT, 08.02.2020<\/p>\n<p><a href=\"https:\/\/www.goettinger-tageblatt.de\/lokales\/goettingen-lk\/goettingen\/keine-lobby-fuer-bezahlbaren-wohnraum-in-goettingen-XGHDLHVNGZGS3M2ALUOPGL64Z4.html\" target=\"_blank\" rel=\"noopener\">B\u00fcrgerInnenforum Waageplatz: Keine Lobby f\u00fcr bezahlbaren Wohnraum in G\u00f6ttingen<\/a>, GT, 05.04.2018<\/p>\n","protected":false},"excerpt":{"rendered":"<p>Pressemitteilungen Gro\u00dfe Wut auf den Tr\u00e4ger Heilsarmee und breite Solidarit\u00e4t mit den Bewohnenden_PM_20250116 Heilsarmee: Eskalation durch Herrn S. stoppen &#8211; den Bewohnern eine Perspektive geben_Offener Brief, 20241211 Forum Waageplatz-Viertel steht an der Seite der Heilsarmee_Offener Brief, 20240402 Rassistische Schmierereien in der Nacht 19.-20. Februar 2024, 20240222 Offener Brief an Frau Broistedt: Wohnungslose brauchen einen guten [&hellip;]<\/p>\n","protected":false},"author":5,"featured_media":0,"parent":0,"menu_order":0,"comment_status":"closed","ping_status":"closed","template":"","meta":{"ngg_post_thumbnail":0,"footnotes":""},"class_list":["post-15","page","type-page","status-publish","hentry"],"_links":{"self":[{"href":"https:\/\/waageplatz-viertel.org\/index.php\/wp-json\/wp\/v2\/pages\/15","targetHints":{"allow":["GET"]}}],"collection":[{"href":"https:\/\/waageplatz-viertel.org\/index.php\/wp-json\/wp\/v2\/pages"}],"about":[{"href":"https:\/\/waageplatz-viertel.org\/index.php\/wp-json\/wp\/v2\/types\/page"}],"author":[{"embeddable":true,"href":"https:\/\/waageplatz-viertel.org\/index.php\/wp-json\/wp\/v2\/users\/5"}],"replies":[{"embeddable":true,"href":"https:\/\/waageplatz-viertel.org\/index.php\/wp-json\/wp\/v2\/comments?post=15"}],"version-history":[{"count":30,"href":"https:\/\/waageplatz-viertel.org\/index.php\/wp-json\/wp\/v2\/pages\/15\/revisions"}],"predecessor-version":[{"id":1178,"href":"https:\/\/waageplatz-viertel.org\/index.php\/wp-json\/wp\/v2\/pages\/15\/revisions\/1178"}],"wp:attachment":[{"href":"https:\/\/waageplatz-viertel.org\/index.php\/wp-json\/wp\/v2\/media?parent=15"}],"curies":[{"name":"wp","href":"https:\/\/api.w.org\/{rel}","templated":true}]}}